{"id":4618,"date":"2023-11-01T14:50:13","date_gmt":"2023-11-01T14:50:13","guid":{"rendered":"https:\/\/capferrat-villas.com\/st-hospice\/"},"modified":"2023-11-01T14:51:44","modified_gmt":"2023-11-01T14:51:44","slug":"st-hospice","status":"publish","type":"page","link":"https:\/\/capferrat-villas.com\/fr\/st-hospice\/","title":{"rendered":"St Hospice"},"content":{"rendered":"\t\t<div data-elementor-type=\"wp-page\" data-elementor-id=\"4618\" class=\"elementor elementor-4618 elementor-4611\" data-elementor-post-type=\"page\">\n\t\t\t\t\t\t<section class=\"elementor-section elementor-top-section elementor-element elementor-element-7775676 elementor-section-height-min-height elementor-section-boxed elementor-section-height-default elementor-section-items-middle\" data-id=\"7775676\" data-element_type=\"section\" data-e-type=\"section\" data-settings=\"{&quot;background_background&quot;:&quot;classic&quot;}\">\n\t\t\t\t\t\t<div class=\"elementor-container elementor-column-gap-default\">\n\t\t\t\t\t<div class=\"elementor-column elementor-col-100 elementor-top-column elementor-element elementor-element-9cb90af\" data-id=\"9cb90af\" data-element_type=\"column\" data-e-type=\"column\">\n\t\t\t<div class=\"elementor-widget-wrap elementor-element-populated\">\n\t\t\t\t\t\t<div class=\"elementor-element elementor-element-bc06590 elementor-widget elementor-widget-heading\" data-id=\"bc06590\" data-element_type=\"widget\" data-e-type=\"widget\" data-widget_type=\"heading.default\">\n\t\t\t\t<div class=\"elementor-widget-container\">\n\t\t\t\t\t<h2 class=\"elementor-heading-title elementor-size-default\">Locations \u00e0 St Hospice<\/h2>\t\t\t\t<\/div>\n\t\t\t\t<\/div>\n\t\t\t\t\t<\/div>\n\t\t<\/div>\n\t\t\t\t\t<\/div>\n\t\t<\/section>\n\t\t\t\t<section class=\"elementor-section elementor-top-section elementor-element elementor-element-9da68ef elementor-section-boxed elementor-section-height-default elementor-section-height-default\" data-id=\"9da68ef\" data-element_type=\"section\" data-e-type=\"section\">\n\t\t\t\t\t\t<div class=\"elementor-container elementor-column-gap-default\">\n\t\t\t\t\t<div class=\"elementor-column elementor-col-100 elementor-top-column elementor-element elementor-element-6726422\" data-id=\"6726422\" data-element_type=\"column\" data-e-type=\"column\">\n\t\t\t<div class=\"elementor-widget-wrap elementor-element-populated\">\n\t\t\t\t\t\t<div class=\"elementor-element elementor-element-61f4c80 elementor-widget elementor-widget-heading\" data-id=\"61f4c80\" data-element_type=\"widget\" data-e-type=\"widget\" data-widget_type=\"heading.default\">\n\t\t\t\t<div class=\"elementor-widget-container\">\n\t\t\t\t\t<h1 class=\"elementor-heading-title elementor-size-default\">Location de la villa St Hospice<\/h1>\t\t\t\t<\/div>\n\t\t\t\t<\/div>\n\t\t\t\t<div class=\"elementor-element elementor-element-f341bd7 elementor-widget elementor-widget-text-editor\" data-id=\"f341bd7\" data-element_type=\"widget\" data-e-type=\"widget\" data-widget_type=\"text-editor.default\">\n\t\t\t\t<div class=\"elementor-widget-container\">\n\t\t\t\t\t\t\t\t\t<p>Plongez dans la tranquillit\u00e9 et la beaut\u00e9 des paysages de St Hospice, une r\u00e9gion captivante de la presqu&rsquo;\u00eele du Cap Ferrat. Notre s\u00e9lection de locations de villas luxueuses promet une escapade idyllique au milieu de paysages luxuriants et de vues panoramiques sur l&rsquo;azur de la mer M\u00e9diterran\u00e9e. Chaque villa de St Hospice est con\u00e7ue pour offrir \u00e0 ses h\u00f4tes une exp\u00e9rience in\u00e9gal\u00e9e, m\u00ealant harmonieusement l&rsquo;\u00e9l\u00e9gance architecturale de la r\u00e9gion aux \u00e9quipements et au confort modernes. Ces villas sont des havres de d\u00e9tente et de luxe, qu&rsquo;il s&rsquo;agisse des superbes espaces ext\u00e9rieurs, parfaits pour les repas en plein air, ou des int\u00e9rieurs exquis qui refl\u00e8tent la sophistication de la Riviera. Optez pour une location de villa \u00e0 St Hospice, Cap Ferrat, et offrez-vous une retraite sereine et enchanteresse qui incarne l&rsquo;allure intemporelle de la C\u00f4te d&rsquo;Azur.<\/p>\n\t\t\t\t\t\t\t\t<\/div>\n\t\t\t\t<\/div>\n\t\t\t\t\t<\/div>\n\t\t<\/div>\n\t\t\t\t\t<\/div>\n\t\t<\/section>\n\t\t\t\t<section class=\"elementor-section elementor-top-section elementor-element elementor-element-70decb7 elementor-section-boxed elementor-section-height-default elementor-section-height-default\" data-id=\"70decb7\" data-element_type=\"section\" data-e-type=\"section\">\n\t\t\t\t\t\t<div class=\"elementor-container elementor-column-gap-default\">\n\t\t\t\t\t<div class=\"elementor-column elementor-col-100 elementor-top-column elementor-element elementor-element-8a6d6c1\" data-id=\"8a6d6c1\" data-element_type=\"column\" data-e-type=\"column\">\n\t\t\t<div class=\"elementor-widget-wrap elementor-element-populated\">\n\t\t\t\t\t\t<div class=\"elementor-element elementor-element-f5b93a2 elementor-widget elementor-widget-heading\" data-id=\"f5b93a2\" data-element_type=\"widget\" data-e-type=\"widget\" data-widget_type=\"heading.default\">\n\t\t\t\t<div class=\"elementor-widget-container\">\n\t\t\t\t\t<h3 class=\"elementor-heading-title elementor-size-default\">Villas \u00e0 louer \u00e0 St Hospice<\/h3>\t\t\t\t<\/div>\n\t\t\t\t<\/div>\n\t\t\t\t<div class=\"elementor-element elementor-element-1341b27 elementor-widget elementor-widget-text-editor\" data-id=\"1341b27\" data-element_type=\"widget\" data-e-type=\"widget\" data-widget_type=\"text-editor.default\">\n\t\t\t\t<div class=\"elementor-widget-container\">\n\t\t\t\t\t\t\t\t\t<p>Parcourez notre s\u00e9lection des meilleures locations de villas \u00e0 St Hospice :<\/p>\n\t\t\t\t\t\t\t\t<\/div>\n\t\t\t\t<\/div>\n\t\t\t\t<div class=\"elementor-element elementor-element-99103da elementor-posts--align-center elementor-grid-3 elementor-grid-tablet-2 elementor-grid-mobile-1 elementor-posts--thumbnail-top elementor-card-shadow-yes elementor-posts__hover-gradient elementor-widget elementor-widget-posts\" data-id=\"99103da\" data-element_type=\"widget\" data-e-type=\"widget\" data-settings=\"{&quot;cards_masonry&quot;:&quot;yes&quot;,&quot;cards_columns&quot;:&quot;3&quot;,&quot;cards_columns_tablet&quot;:&quot;2&quot;,&quot;cards_columns_mobile&quot;:&quot;1&quot;,&quot;cards_row_gap&quot;:{&quot;unit&quot;:&quot;px&quot;,&quot;size&quot;:35,&quot;sizes&quot;:[]},&quot;cards_row_gap_tablet&quot;:{&quot;unit&quot;:&quot;px&quot;,&quot;size&quot;:&quot;&quot;,&quot;sizes&quot;:[]},&quot;cards_row_gap_mobile&quot;:{&quot;unit&quot;:&quot;px&quot;,&quot;size&quot;:&quot;&quot;,&quot;sizes&quot;:[]}}\" data-widget_type=\"posts.cards\">\n\t\t\t\t<div class=\"elementor-widget-container\">\n\t\t\t\t\t\t\t<div class=\"elementor-posts-container elementor-posts elementor-posts--skin-cards elementor-grid\" role=\"list\">\n\t\t\t\t<article class=\"elementor-post elementor-grid-item post-4498 villas type-villas status-publish has-post-thumbnail hentry category-luxe location-cap-ferrat location-st-hospice amenities-parking amenities-pool amenities-staff amenities-waterfront\" role=\"listitem\">\n\t\t\t<div class=\"elementor-post__card\">\n\t\t\t\t<a class=\"elementor-post__thumbnail__link\" href=\"https:\/\/capferrat-villas.com\/fr\/rentals\/villa-illona\/\" tabindex=\"-1\" ><div class=\"elementor-post__thumbnail\"><img fetchpriority=\"high\" decoding=\"async\" width=\"580\" height=\"387\" src=\"https:\/\/capferrat-villas.com\/wp-content\/uploads\/2025\/07\/Villa-Illona-19-768x512.jpg\" class=\"attachment-medium_large size-medium_large wp-image-5660\" alt=\"\" srcset=\"https:\/\/capferrat-villas.com\/wp-content\/uploads\/2025\/07\/Villa-Illona-19-768x512.jpg 768w, https:\/\/capferrat-villas.com\/wp-content\/uploads\/2025\/07\/Villa-Illona-19-300x200.jpg 300w, https:\/\/capferrat-villas.com\/wp-content\/uploads\/2025\/07\/Villa-Illona-19-1024x683.jpg 1024w, https:\/\/capferrat-villas.com\/wp-content\/uploads\/2025\/07\/Villa-Illona-19-1536x1024.jpg 1536w, https:\/\/capferrat-villas.com\/wp-content\/uploads\/2025\/07\/Villa-Illona-19-1200x800.jpg 1200w, https:\/\/capferrat-villas.com\/wp-content\/uploads\/2025\/07\/Villa-Illona-19.jpg 1600w\" sizes=\"(max-width: 580px) 100vw, 580px\" \/><\/div><\/a>\n\t\t\t\t<div class=\"elementor-post__text\">\n\t\t\t\t<h3 class=\"elementor-post__title\">\n\t\t\t<a href=\"https:\/\/capferrat-villas.com\/fr\/rentals\/villa-illona\/\" >\n\t\t\t\tVilla Illona\t\t\t<\/a>\n\t\t<\/h3>\n\t\t\t\t<div class=\"elementor-post__excerpt\">\n\t\t\t<p>990m\u00b2 &#8211; 6 Chambres &#8211; POA<\/p>\n\t\t<\/div>\n\t\t\t\t<\/div>\n\t\t\t\t\t<\/div>\n\t\t<\/article>\n\t\t\t\t<\/div>\n\t\t\n\t\t\t\t\t\t<\/div>\n\t\t\t\t<\/div>\n\t\t\t\t\t<\/div>\n\t\t<\/div>\n\t\t\t\t\t<\/div>\n\t\t<\/section>\n\t\t\t\t<\/div>\n\t\t","protected":false},"excerpt":{"rendered":"<p>Locations \u00e0 St Hospice Location de la villa St Hospice Plongez dans la tranquillit\u00e9 et la beaut\u00e9 des paysages de St Hospice, une r\u00e9gion captivante de la presqu&rsquo;\u00eele du Cap Ferrat. Notre s\u00e9lection de locations de villas luxueuses promet une escapade idyllique au milieu de paysages luxuriants et de vues panoramiques sur l&rsquo;azur de la [&hellip;]<\/p>\n","protected":false},"author":2,"featured_media":3389,"parent":0,"menu_order":0,"comment_status":"closed","ping_status":"closed","template":"elementor_header_footer","meta":{"_acf_changed":false,"footnotes":""},"class_list":["post-4618","page","type-page","status-publish","has-post-thumbnail","hentry"],"acf":[],"yoast_head":"<!-- This site is optimized with the Yoast SEO plugin v25.6 - https:\/\/yoast.com\/wordpress\/plugins\/seo\/ -->\n<title>Location de la Villa St Hospice - .<\/title>\n<meta name=\"description\" content=\"D\u00e9couvrez votre prochaine location de villa Waterfront \u00e0 St Hospice pour les vacances d&#039;\u00e9t\u00e9 et louez une villa \u00e0 St Hospice.\" \/>\n<meta name=\"robots\" content=\"index, follow, max-snippet:-1, max-image-preview:large, max-video-preview:-1\" \/>\n<link rel=\"canonical\" href=\"https:\/\/capferrat-villas.com\/fr\/st-hospice\/\" \/>\n<meta property=\"og:locale\" content=\"fr_FR\" \/>\n<meta property=\"og:type\" content=\"article\" \/>\n<meta property=\"og:title\" content=\"Location de la Villa St Hospice - .\" \/>\n<meta property=\"og:description\" content=\"D\u00e9couvrez votre prochaine location de villa Waterfront \u00e0 St Hospice pour les vacances d&#039;\u00e9t\u00e9 et louez une villa \u00e0 St Hospice.\" \/>\n<meta property=\"og:url\" content=\"https:\/\/capferrat-villas.com\/fr\/st-hospice\/\" \/>\n<meta property=\"og:site_name\" content=\"The S Co.\" \/>\n<meta property=\"article:modified_time\" content=\"2023-11-01T14:51:44+00:00\" \/>\n<meta property=\"og:image\" content=\"https:\/\/capferrat-villas.com\/wp-content\/uploads\/2022\/09\/Villa-Illona-9.jpg\" \/>\n\t<meta property=\"og:image:width\" content=\"2000\" \/>\n\t<meta property=\"og:image:height\" content=\"1334\" \/>\n\t<meta property=\"og:image:type\" content=\"image\/jpeg\" \/>\n<meta name=\"twitter:card\" content=\"summary_large_image\" \/>\n<meta name=\"twitter:label1\" content=\"Dur\u00e9e de lecture estim\u00e9e\" \/>\n\t<meta name=\"twitter:data1\" content=\"1 minute\" \/>\n<script type=\"application\/ld+json\" class=\"yoast-schema-graph\">{\"@context\":\"https:\/\/schema.org\",\"@graph\":[{\"@type\":\"WebPage\",\"@id\":\"https:\/\/capferrat-villas.com\/fr\/st-hospice\/\",\"url\":\"https:\/\/capferrat-villas.com\/fr\/st-hospice\/\",\"name\":\"Location de la Villa St Hospice - .\",\"isPartOf\":{\"@id\":\"https:\/\/capferrat-villas.com\/fr\/#website\"},\"primaryImageOfPage\":{\"@id\":\"https:\/\/capferrat-villas.com\/fr\/st-hospice\/#primaryimage\"},\"image\":{\"@id\":\"https:\/\/capferrat-villas.com\/fr\/st-hospice\/#primaryimage\"},\"thumbnailUrl\":\"https:\/\/capferrat-villas.com\/wp-content\/uploads\/2022\/09\/Villa-Illona-9.jpg\",\"datePublished\":\"2023-11-01T14:50:13+00:00\",\"dateModified\":\"2023-11-01T14:51:44+00:00\",\"description\":\"D\u00e9couvrez votre prochaine location de villa Waterfront \u00e0 St Hospice pour les vacances d'\u00e9t\u00e9 et louez une villa \u00e0 St Hospice.\",\"breadcrumb\":{\"@id\":\"https:\/\/capferrat-villas.com\/fr\/st-hospice\/#breadcrumb\"},\"inLanguage\":\"fr-FR\",\"potentialAction\":[{\"@type\":\"ReadAction\",\"target\":[\"https:\/\/capferrat-villas.com\/fr\/st-hospice\/\"]}]},{\"@type\":\"ImageObject\",\"inLanguage\":\"fr-FR\",\"@id\":\"https:\/\/capferrat-villas.com\/fr\/st-hospice\/#primaryimage\",\"url\":\"https:\/\/capferrat-villas.com\/wp-content\/uploads\/2022\/09\/Villa-Illona-9.jpg\",\"contentUrl\":\"https:\/\/capferrat-villas.com\/wp-content\/uploads\/2022\/09\/Villa-Illona-9.jpg\",\"width\":2000,\"height\":1334},{\"@type\":\"BreadcrumbList\",\"@id\":\"https:\/\/capferrat-villas.com\/fr\/st-hospice\/#breadcrumb\",\"itemListElement\":[{\"@type\":\"ListItem\",\"position\":1,\"name\":\"Home\",\"item\":\"https:\/\/capferrat-villas.com\/fr\/page-daccueil\/\"},{\"@type\":\"ListItem\",\"position\":2,\"name\":\"St Hospice\"}]},{\"@type\":\"WebSite\",\"@id\":\"https:\/\/capferrat-villas.com\/fr\/#website\",\"url\":\"https:\/\/capferrat-villas.com\/fr\/\",\"name\":\"CFV\",\"description\":\"Cap Ferrat Villas\",\"publisher\":{\"@id\":\"https:\/\/capferrat-villas.com\/fr\/#organization\"},\"potentialAction\":[{\"@type\":\"SearchAction\",\"target\":{\"@type\":\"EntryPoint\",\"urlTemplate\":\"https:\/\/capferrat-villas.com\/fr\/?s={search_term_string}\"},\"query-input\":{\"@type\":\"PropertyValueSpecification\",\"valueRequired\":true,\"valueName\":\"search_term_string\"}}],\"inLanguage\":\"fr-FR\"},{\"@type\":\"Organization\",\"@id\":\"https:\/\/capferrat-villas.com\/fr\/#organization\",\"name\":\"CFV\",\"url\":\"https:\/\/capferrat-villas.com\/fr\/\",\"logo\":{\"@type\":\"ImageObject\",\"inLanguage\":\"fr-FR\",\"@id\":\"https:\/\/capferrat-villas.com\/fr\/#\/schema\/logo\/image\/\",\"url\":\"\",\"contentUrl\":\"\",\"caption\":\"CFV\"},\"image\":{\"@id\":\"https:\/\/capferrat-villas.com\/fr\/#\/schema\/logo\/image\/\"}}]}<\/script>\n<!-- \/ Yoast SEO plugin. -->","yoast_head_json":{"title":"Location de la Villa St Hospice - .","description":"D\u00e9couvrez votre prochaine location de villa Waterfront \u00e0 St Hospice pour les vacances d'\u00e9t\u00e9 et louez une villa \u00e0 St Hospice.","robots":{"index":"index","follow":"follow","max-snippet":"max-snippet:-1","max-image-preview":"max-image-preview:large","max-video-preview":"max-video-preview:-1"},"canonical":"https:\/\/capferrat-villas.com\/fr\/st-hospice\/","og_locale":"fr_FR","og_type":"article","og_title":"Location de la Villa St Hospice - .","og_description":"D\u00e9couvrez votre prochaine location de villa Waterfront \u00e0 St Hospice pour les vacances d'\u00e9t\u00e9 et louez une villa \u00e0 St Hospice.","og_url":"https:\/\/capferrat-villas.com\/fr\/st-hospice\/","og_site_name":"The S Co.","article_modified_time":"2023-11-01T14:51:44+00:00","og_image":[{"width":2000,"height":1334,"url":"https:\/\/capferrat-villas.com\/wp-content\/uploads\/2022\/09\/Villa-Illona-9.jpg","type":"image\/jpeg"}],"twitter_card":"summary_large_image","twitter_misc":{"Dur\u00e9e de lecture estim\u00e9e":"1 minute"},"schema":{"@context":"https:\/\/schema.org","@graph":[{"@type":"WebPage","@id":"https:\/\/capferrat-villas.com\/fr\/st-hospice\/","url":"https:\/\/capferrat-villas.com\/fr\/st-hospice\/","name":"Location de la Villa St Hospice - .","isPartOf":{"@id":"https:\/\/capferrat-villas.com\/fr\/#website"},"primaryImageOfPage":{"@id":"https:\/\/capferrat-villas.com\/fr\/st-hospice\/#primaryimage"},"image":{"@id":"https:\/\/capferrat-villas.com\/fr\/st-hospice\/#primaryimage"},"thumbnailUrl":"https:\/\/capferrat-villas.com\/wp-content\/uploads\/2022\/09\/Villa-Illona-9.jpg","datePublished":"2023-11-01T14:50:13+00:00","dateModified":"2023-11-01T14:51:44+00:00","description":"D\u00e9couvrez votre prochaine location de villa Waterfront \u00e0 St Hospice pour les vacances d'\u00e9t\u00e9 et louez une villa \u00e0 St Hospice.","breadcrumb":{"@id":"https:\/\/capferrat-villas.com\/fr\/st-hospice\/#breadcrumb"},"inLanguage":"fr-FR","potentialAction":[{"@type":"ReadAction","target":["https:\/\/capferrat-villas.com\/fr\/st-hospice\/"]}]},{"@type":"ImageObject","inLanguage":"fr-FR","@id":"https:\/\/capferrat-villas.com\/fr\/st-hospice\/#primaryimage","url":"https:\/\/capferrat-villas.com\/wp-content\/uploads\/2022\/09\/Villa-Illona-9.jpg","contentUrl":"https:\/\/capferrat-villas.com\/wp-content\/uploads\/2022\/09\/Villa-Illona-9.jpg","width":2000,"height":1334},{"@type":"BreadcrumbList","@id":"https:\/\/capferrat-villas.com\/fr\/st-hospice\/#breadcrumb","itemListElement":[{"@type":"ListItem","position":1,"name":"Home","item":"https:\/\/capferrat-villas.com\/fr\/page-daccueil\/"},{"@type":"ListItem","position":2,"name":"St Hospice"}]},{"@type":"WebSite","@id":"https:\/\/capferrat-villas.com\/fr\/#website","url":"https:\/\/capferrat-villas.com\/fr\/","name":"CFV","description":"Cap Ferrat Villas","publisher":{"@id":"https:\/\/capferrat-villas.com\/fr\/#organization"},"potentialAction":[{"@type":"SearchAction","target":{"@type":"EntryPoint","urlTemplate":"https:\/\/capferrat-villas.com\/fr\/?s={search_term_string}"},"query-input":{"@type":"PropertyValueSpecification","valueRequired":true,"valueName":"search_term_string"}}],"inLanguage":"fr-FR"},{"@type":"Organization","@id":"https:\/\/capferrat-villas.com\/fr\/#organization","name":"CFV","url":"https:\/\/capferrat-villas.com\/fr\/","logo":{"@type":"ImageObject","inLanguage":"fr-FR","@id":"https:\/\/capferrat-villas.com\/fr\/#\/schema\/logo\/image\/","url":"","contentUrl":"","caption":"CFV"},"image":{"@id":"https:\/\/capferrat-villas.com\/fr\/#\/schema\/logo\/image\/"}}]}},"distributor_meta":false,"distributor_terms":false,"distributor_media":false,"distributor_original_site_name":"The S Co. ","distributor_original_site_url":"https:\/\/capferrat-villas.com\/fr\/","push-errors":false,"_links":{"self":[{"href":"https:\/\/capferrat-villas.com\/fr\/wp-json\/wp\/v2\/pages\/4618"}],"collection":[{"href":"https:\/\/capferrat-villas.com\/fr\/wp-json\/wp\/v2\/pages"}],"about":[{"href":"https:\/\/capferrat-villas.com\/fr\/wp-json\/wp\/v2\/types\/page"}],"author":[{"embeddable":true,"href":"https:\/\/capferrat-villas.com\/fr\/wp-json\/wp\/v2\/users\/2"}],"replies":[{"embeddable":true,"href":"https:\/\/capferrat-villas.com\/fr\/wp-json\/wp\/v2\/comments?post=4618"}],"version-history":[{"count":1,"href":"https:\/\/capferrat-villas.com\/fr\/wp-json\/wp\/v2\/pages\/4618\/revisions"}],"predecessor-version":[{"id":4619,"href":"https:\/\/capferrat-villas.com\/fr\/wp-json\/wp\/v2\/pages\/4618\/revisions\/4619"}],"wp:featuredmedia":[{"embeddable":true,"href":"https:\/\/capferrat-villas.com\/fr\/wp-json\/wp\/v2\/media\/3389"}],"wp:attachment":[{"href":"https:\/\/capferrat-villas.com\/fr\/wp-json\/wp\/v2\/media?parent=4618"}],"curies":[{"name":"wp","href":"https:\/\/api.w.org\/{rel}","templated":true}]}}