{"id":4332,"date":"2022-01-30T08:11:14","date_gmt":"2022-01-30T08:11:14","guid":{"rendered":"https:\/\/capferrat-villas.com\/a-propos-de\/"},"modified":"2025-05-19T08:46:38","modified_gmt":"2025-05-19T08:46:38","slug":"a-propos-de","status":"publish","type":"page","link":"https:\/\/capferrat-villas.com\/fr\/a-propos-de\/","title":{"rendered":"A propos de"},"content":{"rendered":"\t\t<div data-elementor-type=\"wp-page\" data-elementor-id=\"4332\" class=\"elementor elementor-4332 elementor-1660\" data-elementor-post-type=\"page\">\n\t\t\t\t\t\t<section class=\"elementor-section elementor-top-section elementor-element elementor-element-4d1a7b2 elementor-section-height-min-height elementor-section-boxed elementor-section-height-default elementor-section-items-middle\" data-id=\"4d1a7b2\" data-element_type=\"section\" data-e-type=\"section\" data-settings=\"{&quot;background_background&quot;:&quot;classic&quot;}\">\n\t\t\t\t\t\t<div class=\"elementor-container elementor-column-gap-default\">\n\t\t\t\t\t<div class=\"elementor-column elementor-col-100 elementor-top-column elementor-element elementor-element-c1533da\" data-id=\"c1533da\" data-element_type=\"column\" data-e-type=\"column\">\n\t\t\t<div class=\"elementor-widget-wrap elementor-element-populated\">\n\t\t\t\t\t\t<div class=\"elementor-element elementor-element-1f60992 elementor-widget elementor-widget-heading\" data-id=\"1f60992\" data-element_type=\"widget\" data-e-type=\"widget\" data-widget_type=\"heading.default\">\n\t\t\t\t<div class=\"elementor-widget-container\">\n\t\t\t\t\t<h2 class=\"elementor-heading-title elementor-size-default\">\u00c0 PROPOS<\/h2>\t\t\t\t<\/div>\n\t\t\t\t<\/div>\n\t\t\t\t\t<\/div>\n\t\t<\/div>\n\t\t\t\t\t<\/div>\n\t\t<\/section>\n\t\t\t\t<section class=\"elementor-section elementor-top-section elementor-element elementor-element-1ed6991 elementor-section-boxed elementor-section-height-default elementor-section-height-default\" data-id=\"1ed6991\" data-element_type=\"section\" data-e-type=\"section\">\n\t\t\t\t\t\t<div class=\"elementor-container elementor-column-gap-default\">\n\t\t\t\t\t<div class=\"elementor-column elementor-col-50 elementor-top-column elementor-element elementor-element-37a1a14\" data-id=\"37a1a14\" data-element_type=\"column\" data-e-type=\"column\">\n\t\t\t<div class=\"elementor-widget-wrap elementor-element-populated\">\n\t\t\t\t\t\t<section class=\"elementor-section elementor-inner-section elementor-element elementor-element-db1371d elementor-section-boxed elementor-section-height-default elementor-section-height-default\" data-id=\"db1371d\" data-element_type=\"section\" data-e-type=\"section\">\n\t\t\t\t\t\t<div class=\"elementor-container elementor-column-gap-default\">\n\t\t\t\t\t<div class=\"elementor-column elementor-col-33 elementor-inner-column elementor-element elementor-element-47aa189\" data-id=\"47aa189\" data-element_type=\"column\" data-e-type=\"column\">\n\t\t\t<div class=\"elementor-widget-wrap\">\n\t\t\t\t\t\t\t<\/div>\n\t\t<\/div>\n\t\t\t\t<div class=\"elementor-column elementor-col-33 elementor-inner-column elementor-element elementor-element-cd19a30\" data-id=\"cd19a30\" data-element_type=\"column\" data-e-type=\"column\">\n\t\t\t<div class=\"elementor-widget-wrap elementor-element-populated\">\n\t\t\t\t\t\t<div class=\"elementor-element elementor-element-0824c72 elementor-widget elementor-widget-image\" data-id=\"0824c72\" data-element_type=\"widget\" data-e-type=\"widget\" data-widget_type=\"image.default\">\n\t\t\t\t<div class=\"elementor-widget-container\">\n\t\t\t\t\t\t\t\t\t\t\t\t\t\t\t<img fetchpriority=\"high\" decoding=\"async\" width=\"580\" height=\"580\" src=\"https:\/\/capferrat-villas.com\/wp-content\/uploads\/2023\/11\/Anna-Gladuntsova-1024x1024.jpg\" class=\"attachment-large size-large wp-image-4675\" alt=\"\" srcset=\"https:\/\/capferrat-villas.com\/wp-content\/uploads\/2023\/11\/Anna-Gladuntsova-1024x1024.jpg 1024w, https:\/\/capferrat-villas.com\/wp-content\/uploads\/2023\/11\/Anna-Gladuntsova-300x300.jpg 300w, https:\/\/capferrat-villas.com\/wp-content\/uploads\/2023\/11\/Anna-Gladuntsova-150x150.jpg 150w, https:\/\/capferrat-villas.com\/wp-content\/uploads\/2023\/11\/Anna-Gladuntsova-768x768.jpg 768w, https:\/\/capferrat-villas.com\/wp-content\/uploads\/2023\/11\/Anna-Gladuntsova.jpg 1500w\" sizes=\"(max-width: 580px) 100vw, 580px\" \/>\t\t\t\t\t\t\t\t\t\t\t\t\t\t\t<\/div>\n\t\t\t\t<\/div>\n\t\t\t\t\t<\/div>\n\t\t<\/div>\n\t\t\t\t<div class=\"elementor-column elementor-col-33 elementor-inner-column elementor-element elementor-element-931f491\" data-id=\"931f491\" data-element_type=\"column\" data-e-type=\"column\">\n\t\t\t<div class=\"elementor-widget-wrap\">\n\t\t\t\t\t\t\t<\/div>\n\t\t<\/div>\n\t\t\t\t\t<\/div>\n\t\t<\/section>\n\t\t\t\t<div class=\"elementor-element elementor-element-bd8467e elementor-widget elementor-widget-heading\" data-id=\"bd8467e\" data-element_type=\"widget\" data-e-type=\"widget\" data-widget_type=\"heading.default\">\n\t\t\t\t<div class=\"elementor-widget-container\">\n\t\t\t\t\t<h3 class=\"elementor-heading-title elementor-size-default\">ANNA<\/h3>\t\t\t\t<\/div>\n\t\t\t\t<\/div>\n\t\t\t\t<div class=\"elementor-element elementor-element-d5957df elementor-widget elementor-widget-text-editor\" data-id=\"d5957df\" data-element_type=\"widget\" data-e-type=\"widget\" data-widget_type=\"text-editor.default\">\n\t\t\t\t<div class=\"elementor-widget-container\">\n\t\t\t\t\t\t\t\t\t<p>Courtier en immobilier<\/p>\n<p>Anglais, fran\u00e7ais et russe<\/p>\n<p><a href=\"https:\/\/wa.me\/+33642737974\">Whatsapp<\/a><\/p>\n<p><a href=\"https:\/\/p6f.1fa.myftpupload.com\/contact\/\">Courriel<\/a><\/p>\n\t\t\t\t\t\t\t\t<\/div>\n\t\t\t\t<\/div>\n\t\t\t\t\t<\/div>\n\t\t<\/div>\n\t\t\t\t<div class=\"elementor-column elementor-col-50 elementor-top-column elementor-element elementor-element-ad1228c\" data-id=\"ad1228c\" data-element_type=\"column\" data-e-type=\"column\">\n\t\t\t<div class=\"elementor-widget-wrap elementor-element-populated\">\n\t\t\t\t\t\t<div class=\"elementor-element elementor-element-13ac408 elementor-widget elementor-widget-heading\" data-id=\"13ac408\" data-element_type=\"widget\" data-e-type=\"widget\" data-widget_type=\"heading.default\">\n\t\t\t\t<div class=\"elementor-widget-container\">\n\t\t\t\t\t<h1 class=\"elementor-heading-title elementor-size-default\">Agence de location Cap Ferrat<\/h1>\t\t\t\t<\/div>\n\t\t\t\t<\/div>\n\t\t\t\t<div class=\"elementor-element elementor-element-0750d77 elementor-widget__width-initial elementor-widget elementor-widget-text-editor\" data-id=\"0750d77\" data-element_type=\"widget\" data-e-type=\"widget\" data-widget_type=\"text-editor.default\">\n\t\t\t\t<div class=\"elementor-widget-container\">\n\t\t\t\t\t\t\t\t\t<p>La collection S a \u00e9t\u00e9 cr\u00e9\u00e9e dans un seul but : offrir le plus haut niveau de service de luxe aux visiteurs du sud de la France. Nous pouvons vous conseiller sur tous les aspects de votre retraite de luxe car nous disposons d&rsquo;une \u00e9quipe comp\u00e9tente qui vit et travaille dans le sud de la France depuis des ann\u00e9es. La communication avec votre agent n&rsquo;a jamais \u00e9t\u00e9 aussi facile gr\u00e2ce \u00e0 notre ma\u00eetrise du fran\u00e7ais, de l&rsquo;anglais et du russe.<\/p>\n<p>Nous avons d\u00e9nich\u00e9 les villas les plus exquises de la C\u00f4te d&rsquo;Azur, de Villefranche \u00e0 Beaulieu, avec un large \u00e9ventail d&rsquo;options \u00e0 St Jean Cap Ferrat et dans les environs. Notre agence de location Cap Ferrat a acc\u00e8s \u00e0 un grand nombre de villas hors march\u00e9. N&rsquo;h\u00e9sitez pas \u00e0 nous contacter pour que nous puissions organiser le s\u00e9jour id\u00e9al pour vous et votre famille. Pour compl\u00e9ter votre exp\u00e9rience dans le sud de la France, nous pouvons organiser un transfert priv\u00e9 en h\u00e9licopt\u00e8re de Cannes \u00e0 Monaco, des croisi\u00e8res en yacht dans la baie et le rassemblement de quelques supercars dans vos villas avant votre arriv\u00e9e.<\/p>\n<p>C&rsquo;est le moment de vous d\u00e9tendre. Nous nous chargeons du reste.<\/p>\n\t\t\t\t\t\t\t\t<\/div>\n\t\t\t\t<\/div>\n\t\t\t\t\t<\/div>\n\t\t<\/div>\n\t\t\t\t\t<\/div>\n\t\t<\/section>\n\t\t\t\t<section class=\"elementor-section elementor-top-section elementor-element elementor-element-4cd536d elementor-section-boxed elementor-section-height-default elementor-section-height-default\" data-id=\"4cd536d\" data-element_type=\"section\" data-e-type=\"section\">\n\t\t\t\t\t\t<div class=\"elementor-container elementor-column-gap-default\">\n\t\t\t\t\t<div class=\"elementor-column elementor-col-50 elementor-top-column elementor-element elementor-element-e71b155\" data-id=\"e71b155\" data-element_type=\"column\" data-e-type=\"column\">\n\t\t\t<div class=\"elementor-widget-wrap elementor-element-populated\">\n\t\t\t\t\t\t<div class=\"elementor-element elementor-element-988cb89 elementor-widget elementor-widget-heading\" data-id=\"988cb89\" data-element_type=\"widget\" data-e-type=\"widget\" data-widget_type=\"heading.default\">\n\t\t\t\t<div class=\"elementor-widget-container\">\n\t\t\t\t\t<h3 class=\"elementor-heading-title elementor-size-default\">Marketing des villas de luxe<\/h3>\t\t\t\t<\/div>\n\t\t\t\t<\/div>\n\t\t\t\t<div class=\"elementor-element elementor-element-977e87d elementor-widget elementor-widget-text-editor\" data-id=\"977e87d\" data-element_type=\"widget\" data-e-type=\"widget\" data-widget_type=\"text-editor.default\">\n\t\t\t\t<div class=\"elementor-widget-container\">\n\t\t\t\t\t\t\t\t\t<p>La S Collection au Cap Ferrat exploite l&rsquo;expertise des meilleurs photographes et vid\u00e9astes de la r\u00e9gion, en s&rsquo;appuyant sur notre profond h\u00e9ritage dans le marketing des superyachts pour am\u00e9liorer l&rsquo;industrie des villas. Nous travaillons en \u00e9troite collaboration avec vous pour comprendre la dynamique des prix de vos villas et \u00e9laborer une strat\u00e9gie sur mesure pour les p\u00e9riodes de pointe et les p\u00e9riodes creuses. Une fois que tout est parfaitement align\u00e9, nous pr\u00e9sentons votre villa sur notre site web et utilisons divers moyens num\u00e9riques pour la faire conna\u00eetre. L&rsquo;\u00e9quipe de The S Collection au Cap Ferrat se consacre \u00e0 la gestion prudente de votre calendrier de r\u00e9servation, garantissant votre jouissance personnelle de la villa tout en am\u00e9liorant son taux d&rsquo;occupation.<\/p>\n\t\t\t\t\t\t\t\t<\/div>\n\t\t\t\t<\/div>\n\t\t\t\t\t<\/div>\n\t\t<\/div>\n\t\t\t\t<div class=\"elementor-column elementor-col-50 elementor-top-column elementor-element elementor-element-00168d1\" data-id=\"00168d1\" data-element_type=\"column\" data-e-type=\"column\">\n\t\t\t<div class=\"elementor-widget-wrap elementor-element-populated\">\n\t\t\t\t\t\t<div class=\"elementor-element elementor-element-478356c elementor-widget elementor-widget-image\" data-id=\"478356c\" data-element_type=\"widget\" data-e-type=\"widget\" data-widget_type=\"image.default\">\n\t\t\t\t<div class=\"elementor-widget-container\">\n\t\t\t\t\t\t\t\t\t\t\t\t\t\t\t<img decoding=\"async\" width=\"580\" height=\"386\" src=\"https:\/\/capferrat-villas.com\/wp-content\/uploads\/2022\/09\/Cap-Ferrat-Villas-3-1024x682.jpg\" class=\"attachment-large size-large wp-image-3311\" alt=\"\" srcset=\"https:\/\/capferrat-villas.com\/wp-content\/uploads\/2022\/09\/Cap-Ferrat-Villas-3-1024x682.jpg 1024w, https:\/\/capferrat-villas.com\/wp-content\/uploads\/2022\/09\/Cap-Ferrat-Villas-3-300x200.jpg 300w, https:\/\/capferrat-villas.com\/wp-content\/uploads\/2022\/09\/Cap-Ferrat-Villas-3-768x512.jpg 768w, https:\/\/capferrat-villas.com\/wp-content\/uploads\/2022\/09\/Cap-Ferrat-Villas-3-1536x1024.jpg 1536w, https:\/\/capferrat-villas.com\/wp-content\/uploads\/2022\/09\/Cap-Ferrat-Villas-3-1568x1045.jpg 1568w, https:\/\/capferrat-villas.com\/wp-content\/uploads\/2022\/09\/Cap-Ferrat-Villas-3.jpg 2000w\" sizes=\"(max-width: 580px) 100vw, 580px\" \/>\t\t\t\t\t\t\t\t\t\t\t\t\t\t\t<\/div>\n\t\t\t\t<\/div>\n\t\t\t\t\t<\/div>\n\t\t<\/div>\n\t\t\t\t\t<\/div>\n\t\t<\/section>\n\t\t\t\t<section class=\"elementor-section elementor-top-section elementor-element elementor-element-71bab03 elementor-reverse-mobile elementor-section-boxed elementor-section-height-default elementor-section-height-default\" data-id=\"71bab03\" data-element_type=\"section\" data-e-type=\"section\">\n\t\t\t\t\t\t<div class=\"elementor-container elementor-column-gap-default\">\n\t\t\t\t\t<div class=\"elementor-column elementor-col-50 elementor-top-column elementor-element elementor-element-072c730\" data-id=\"072c730\" data-element_type=\"column\" data-e-type=\"column\">\n\t\t\t<div class=\"elementor-widget-wrap elementor-element-populated\">\n\t\t\t\t\t\t<div class=\"elementor-element elementor-element-97fbe76 elementor-widget elementor-widget-image\" data-id=\"97fbe76\" data-element_type=\"widget\" data-e-type=\"widget\" data-widget_type=\"image.default\">\n\t\t\t\t<div class=\"elementor-widget-container\">\n\t\t\t\t\t\t\t\t\t\t\t\t\t\t\t<img decoding=\"async\" width=\"580\" height=\"386\" src=\"https:\/\/capferrat-villas.com\/wp-content\/uploads\/2022\/09\/Cap-Ferrat-Villas-1-1-1024x682.jpg\" class=\"attachment-large size-large wp-image-3335\" alt=\"\" srcset=\"https:\/\/capferrat-villas.com\/wp-content\/uploads\/2022\/09\/Cap-Ferrat-Villas-1-1-1024x682.jpg 1024w, https:\/\/capferrat-villas.com\/wp-content\/uploads\/2022\/09\/Cap-Ferrat-Villas-1-1-300x200.jpg 300w, https:\/\/capferrat-villas.com\/wp-content\/uploads\/2022\/09\/Cap-Ferrat-Villas-1-1-768x512.jpg 768w, https:\/\/capferrat-villas.com\/wp-content\/uploads\/2022\/09\/Cap-Ferrat-Villas-1-1-1536x1024.jpg 1536w, https:\/\/capferrat-villas.com\/wp-content\/uploads\/2022\/09\/Cap-Ferrat-Villas-1-1-1568x1045.jpg 1568w, https:\/\/capferrat-villas.com\/wp-content\/uploads\/2022\/09\/Cap-Ferrat-Villas-1-1.jpg 2000w\" sizes=\"(max-width: 580px) 100vw, 580px\" \/>\t\t\t\t\t\t\t\t\t\t\t\t\t\t\t<\/div>\n\t\t\t\t<\/div>\n\t\t\t\t\t<\/div>\n\t\t<\/div>\n\t\t\t\t<div class=\"elementor-column elementor-col-50 elementor-top-column elementor-element elementor-element-ecf6967\" data-id=\"ecf6967\" data-element_type=\"column\" data-e-type=\"column\">\n\t\t\t<div class=\"elementor-widget-wrap elementor-element-populated\">\n\t\t\t\t\t\t<div class=\"elementor-element elementor-element-a3de9c7 elementor-widget elementor-widget-heading\" data-id=\"a3de9c7\" data-element_type=\"widget\" data-e-type=\"widget\" data-widget_type=\"heading.default\">\n\t\t\t\t<div class=\"elementor-widget-container\">\n\t\t\t\t\t<h3 class=\"elementor-heading-title elementor-size-default\">Cap Ferrat Villa Management<\/h3>\t\t\t\t<\/div>\n\t\t\t\t<\/div>\n\t\t\t\t<div class=\"elementor-element elementor-element-26f3c4d elementor-widget elementor-widget-text-editor\" data-id=\"26f3c4d\" data-element_type=\"widget\" data-e-type=\"widget\" data-widget_type=\"text-editor.default\">\n\t\t\t\t<div class=\"elementor-widget-container\">\n\t\t\t\t\t\t\t\t\t<p>Au Cap Ferrat, nous \u00e9levons le luxe et la s\u00e9r\u00e9nit\u00e9 gr\u00e2ce \u00e0 nos services complets de gestion de villas. En nous confiant vos biens, nous comprenons qu&rsquo;il est imp\u00e9ratif de leur accorder une attention m\u00e9ticuleuse et de les entretenir avec pr\u00e9cision. Notre \u00e9quipe d\u00e9vou\u00e9e n&rsquo;a de cesse de pr\u00e9server le charme et l&rsquo;\u00e9clat op\u00e9rationnel de votre r\u00e9sidence du Cap Ferrat, afin qu&rsquo;elle reste pour vous un symbole de joie et de distinction.<\/p>\n\t\t\t\t\t\t\t\t<\/div>\n\t\t\t\t<\/div>\n\t\t\t\t\t<\/div>\n\t\t<\/div>\n\t\t\t\t\t<\/div>\n\t\t<\/section>\n\t\t\t\t<\/div>\n\t\t","protected":false},"excerpt":{"rendered":"<p>\u00c0 PROPOS ANNA Courtier en immobilier Anglais, fran\u00e7ais et russe Whatsapp Courriel Agence de location Cap Ferrat La collection S a \u00e9t\u00e9 cr\u00e9\u00e9e dans un seul but : offrir le plus haut niveau de service de luxe aux visiteurs du sud de la France. Nous pouvons vous conseiller sur tous les aspects de votre retraite [&hellip;]<\/p>\n","protected":false},"author":2,"featured_media":3332,"parent":0,"menu_order":0,"comment_status":"closed","ping_status":"closed","template":"elementor_header_footer","meta":{"_acf_changed":false,"footnotes":""},"class_list":["post-4332","page","type-page","status-publish","has-post-thumbnail","hentry"],"acf":[],"yoast_head":"<!-- This site is optimized with the Yoast SEO plugin v25.6 - https:\/\/yoast.com\/wordpress\/plugins\/seo\/ -->\n<title>Agence de location de villas du Cap Ferrat - The S Co..<\/title>\n<meta name=\"description\" content=\"D\u00e9couvrez notre agence de location de villas au Cap Ferrat et laissez-nous trouver votre villa id\u00e9ale \u00e0 louer au Cap Ferrat pour les prochaines vacances d&#039;\u00e9t\u00e9.\" \/>\n<meta name=\"robots\" content=\"index, follow, max-snippet:-1, max-image-preview:large, max-video-preview:-1\" \/>\n<link rel=\"canonical\" href=\"https:\/\/capferrat-villas.com\/fr\/a-propos-de\/\" \/>\n<meta property=\"og:locale\" content=\"fr_FR\" \/>\n<meta property=\"og:type\" content=\"article\" \/>\n<meta property=\"og:title\" content=\"Agence de location de villas du Cap Ferrat - The S Co..\" \/>\n<meta property=\"og:description\" content=\"D\u00e9couvrez notre agence de location de villas au Cap Ferrat et laissez-nous trouver votre villa id\u00e9ale \u00e0 louer au Cap Ferrat pour les prochaines vacances d&#039;\u00e9t\u00e9.\" \/>\n<meta property=\"og:url\" content=\"https:\/\/capferrat-villas.com\/fr\/a-propos-de\/\" \/>\n<meta property=\"og:site_name\" content=\"The S Co.\" \/>\n<meta property=\"article:modified_time\" content=\"2025-05-19T08:46:38+00:00\" \/>\n<meta property=\"og:image\" content=\"https:\/\/capferrat-villas.com\/wp-content\/uploads\/2022\/09\/Cap-Ferrat-Villas-10.jpg\" \/>\n\t<meta property=\"og:image:width\" content=\"2000\" \/>\n\t<meta property=\"og:image:height\" content=\"1333\" \/>\n\t<meta property=\"og:image:type\" content=\"image\/jpeg\" \/>\n<meta name=\"twitter:card\" content=\"summary_large_image\" \/>\n<meta name=\"twitter:label1\" content=\"Dur\u00e9e de lecture estim\u00e9e\" \/>\n\t<meta name=\"twitter:data1\" content=\"2 minutes\" \/>\n<script type=\"application\/ld+json\" class=\"yoast-schema-graph\">{\"@context\":\"https:\/\/schema.org\",\"@graph\":[{\"@type\":\"WebPage\",\"@id\":\"https:\/\/capferrat-villas.com\/fr\/a-propos-de\/\",\"url\":\"https:\/\/capferrat-villas.com\/fr\/a-propos-de\/\",\"name\":\"Agence de location de villas du Cap Ferrat - The S Co..\",\"isPartOf\":{\"@id\":\"https:\/\/capferrat-villas.com\/fr\/#website\"},\"primaryImageOfPage\":{\"@id\":\"https:\/\/capferrat-villas.com\/fr\/a-propos-de\/#primaryimage\"},\"image\":{\"@id\":\"https:\/\/capferrat-villas.com\/fr\/a-propos-de\/#primaryimage\"},\"thumbnailUrl\":\"https:\/\/capferrat-villas.com\/wp-content\/uploads\/2022\/09\/Cap-Ferrat-Villas-10.jpg\",\"datePublished\":\"2022-01-30T08:11:14+00:00\",\"dateModified\":\"2025-05-19T08:46:38+00:00\",\"description\":\"D\u00e9couvrez notre agence de location de villas au Cap Ferrat et laissez-nous trouver votre villa id\u00e9ale \u00e0 louer au Cap Ferrat pour les prochaines vacances d'\u00e9t\u00e9.\",\"breadcrumb\":{\"@id\":\"https:\/\/capferrat-villas.com\/fr\/a-propos-de\/#breadcrumb\"},\"inLanguage\":\"fr-FR\",\"potentialAction\":[{\"@type\":\"ReadAction\",\"target\":[\"https:\/\/capferrat-villas.com\/fr\/a-propos-de\/\"]}]},{\"@type\":\"ImageObject\",\"inLanguage\":\"fr-FR\",\"@id\":\"https:\/\/capferrat-villas.com\/fr\/a-propos-de\/#primaryimage\",\"url\":\"https:\/\/capferrat-villas.com\/wp-content\/uploads\/2022\/09\/Cap-Ferrat-Villas-10.jpg\",\"contentUrl\":\"https:\/\/capferrat-villas.com\/wp-content\/uploads\/2022\/09\/Cap-Ferrat-Villas-10.jpg\",\"width\":2000,\"height\":1333},{\"@type\":\"BreadcrumbList\",\"@id\":\"https:\/\/capferrat-villas.com\/fr\/a-propos-de\/#breadcrumb\",\"itemListElement\":[{\"@type\":\"ListItem\",\"position\":1,\"name\":\"Home\",\"item\":\"https:\/\/capferrat-villas.com\/fr\/page-daccueil\/\"},{\"@type\":\"ListItem\",\"position\":2,\"name\":\"A propos de\"}]},{\"@type\":\"WebSite\",\"@id\":\"https:\/\/capferrat-villas.com\/fr\/#website\",\"url\":\"https:\/\/capferrat-villas.com\/fr\/\",\"name\":\"CFV\",\"description\":\"Cap Ferrat Villas\",\"publisher\":{\"@id\":\"https:\/\/capferrat-villas.com\/fr\/#organization\"},\"potentialAction\":[{\"@type\":\"SearchAction\",\"target\":{\"@type\":\"EntryPoint\",\"urlTemplate\":\"https:\/\/capferrat-villas.com\/fr\/?s={search_term_string}\"},\"query-input\":{\"@type\":\"PropertyValueSpecification\",\"valueRequired\":true,\"valueName\":\"search_term_string\"}}],\"inLanguage\":\"fr-FR\"},{\"@type\":\"Organization\",\"@id\":\"https:\/\/capferrat-villas.com\/fr\/#organization\",\"name\":\"CFV\",\"url\":\"https:\/\/capferrat-villas.com\/fr\/\",\"logo\":{\"@type\":\"ImageObject\",\"inLanguage\":\"fr-FR\",\"@id\":\"https:\/\/capferrat-villas.com\/fr\/#\/schema\/logo\/image\/\",\"url\":\"\",\"contentUrl\":\"\",\"caption\":\"CFV\"},\"image\":{\"@id\":\"https:\/\/capferrat-villas.com\/fr\/#\/schema\/logo\/image\/\"}}]}<\/script>\n<!-- \/ Yoast SEO plugin. -->","yoast_head_json":{"title":"Agence de location de villas du Cap Ferrat - The S Co..","description":"D\u00e9couvrez notre agence de location de villas au Cap Ferrat et laissez-nous trouver votre villa id\u00e9ale \u00e0 louer au Cap Ferrat pour les prochaines vacances d'\u00e9t\u00e9.","robots":{"index":"index","follow":"follow","max-snippet":"max-snippet:-1","max-image-preview":"max-image-preview:large","max-video-preview":"max-video-preview:-1"},"canonical":"https:\/\/capferrat-villas.com\/fr\/a-propos-de\/","og_locale":"fr_FR","og_type":"article","og_title":"Agence de location de villas du Cap Ferrat - The S Co..","og_description":"D\u00e9couvrez notre agence de location de villas au Cap Ferrat et laissez-nous trouver votre villa id\u00e9ale \u00e0 louer au Cap Ferrat pour les prochaines vacances d'\u00e9t\u00e9.","og_url":"https:\/\/capferrat-villas.com\/fr\/a-propos-de\/","og_site_name":"The S Co.","article_modified_time":"2025-05-19T08:46:38+00:00","og_image":[{"width":2000,"height":1333,"url":"https:\/\/capferrat-villas.com\/wp-content\/uploads\/2022\/09\/Cap-Ferrat-Villas-10.jpg","type":"image\/jpeg"}],"twitter_card":"summary_large_image","twitter_misc":{"Dur\u00e9e de lecture estim\u00e9e":"2 minutes"},"schema":{"@context":"https:\/\/schema.org","@graph":[{"@type":"WebPage","@id":"https:\/\/capferrat-villas.com\/fr\/a-propos-de\/","url":"https:\/\/capferrat-villas.com\/fr\/a-propos-de\/","name":"Agence de location de villas du Cap Ferrat - The S Co..","isPartOf":{"@id":"https:\/\/capferrat-villas.com\/fr\/#website"},"primaryImageOfPage":{"@id":"https:\/\/capferrat-villas.com\/fr\/a-propos-de\/#primaryimage"},"image":{"@id":"https:\/\/capferrat-villas.com\/fr\/a-propos-de\/#primaryimage"},"thumbnailUrl":"https:\/\/capferrat-villas.com\/wp-content\/uploads\/2022\/09\/Cap-Ferrat-Villas-10.jpg","datePublished":"2022-01-30T08:11:14+00:00","dateModified":"2025-05-19T08:46:38+00:00","description":"D\u00e9couvrez notre agence de location de villas au Cap Ferrat et laissez-nous trouver votre villa id\u00e9ale \u00e0 louer au Cap Ferrat pour les prochaines vacances d'\u00e9t\u00e9.","breadcrumb":{"@id":"https:\/\/capferrat-villas.com\/fr\/a-propos-de\/#breadcrumb"},"inLanguage":"fr-FR","potentialAction":[{"@type":"ReadAction","target":["https:\/\/capferrat-villas.com\/fr\/a-propos-de\/"]}]},{"@type":"ImageObject","inLanguage":"fr-FR","@id":"https:\/\/capferrat-villas.com\/fr\/a-propos-de\/#primaryimage","url":"https:\/\/capferrat-villas.com\/wp-content\/uploads\/2022\/09\/Cap-Ferrat-Villas-10.jpg","contentUrl":"https:\/\/capferrat-villas.com\/wp-content\/uploads\/2022\/09\/Cap-Ferrat-Villas-10.jpg","width":2000,"height":1333},{"@type":"BreadcrumbList","@id":"https:\/\/capferrat-villas.com\/fr\/a-propos-de\/#breadcrumb","itemListElement":[{"@type":"ListItem","position":1,"name":"Home","item":"https:\/\/capferrat-villas.com\/fr\/page-daccueil\/"},{"@type":"ListItem","position":2,"name":"A propos de"}]},{"@type":"WebSite","@id":"https:\/\/capferrat-villas.com\/fr\/#website","url":"https:\/\/capferrat-villas.com\/fr\/","name":"CFV","description":"Cap Ferrat Villas","publisher":{"@id":"https:\/\/capferrat-villas.com\/fr\/#organization"},"potentialAction":[{"@type":"SearchAction","target":{"@type":"EntryPoint","urlTemplate":"https:\/\/capferrat-villas.com\/fr\/?s={search_term_string}"},"query-input":{"@type":"PropertyValueSpecification","valueRequired":true,"valueName":"search_term_string"}}],"inLanguage":"fr-FR"},{"@type":"Organization","@id":"https:\/\/capferrat-villas.com\/fr\/#organization","name":"CFV","url":"https:\/\/capferrat-villas.com\/fr\/","logo":{"@type":"ImageObject","inLanguage":"fr-FR","@id":"https:\/\/capferrat-villas.com\/fr\/#\/schema\/logo\/image\/","url":"","contentUrl":"","caption":"CFV"},"image":{"@id":"https:\/\/capferrat-villas.com\/fr\/#\/schema\/logo\/image\/"}}]}},"distributor_meta":false,"distributor_terms":false,"distributor_media":false,"distributor_original_site_name":"The S Co. ","distributor_original_site_url":"https:\/\/capferrat-villas.com\/fr\/","push-errors":false,"_links":{"self":[{"href":"https:\/\/capferrat-villas.com\/fr\/wp-json\/wp\/v2\/pages\/4332"}],"collection":[{"href":"https:\/\/capferrat-villas.com\/fr\/wp-json\/wp\/v2\/pages"}],"about":[{"href":"https:\/\/capferrat-villas.com\/fr\/wp-json\/wp\/v2\/types\/page"}],"author":[{"embeddable":true,"href":"https:\/\/capferrat-villas.com\/fr\/wp-json\/wp\/v2\/users\/2"}],"replies":[{"embeddable":true,"href":"https:\/\/capferrat-villas.com\/fr\/wp-json\/wp\/v2\/comments?post=4332"}],"version-history":[{"count":4,"href":"https:\/\/capferrat-villas.com\/fr\/wp-json\/wp\/v2\/pages\/4332\/revisions"}],"predecessor-version":[{"id":5473,"href":"https:\/\/capferrat-villas.com\/fr\/wp-json\/wp\/v2\/pages\/4332\/revisions\/5473"}],"wp:featuredmedia":[{"embeddable":true,"href":"https:\/\/capferrat-villas.com\/fr\/wp-json\/wp\/v2\/media\/3332"}],"wp:attachment":[{"href":"https:\/\/capferrat-villas.com\/fr\/wp-json\/wp\/v2\/media?parent=4332"}],"curies":[{"name":"wp","href":"https:\/\/api.w.org\/{rel}","templated":true}]}}