{"id":4279,"date":"2022-01-15T22:00:47","date_gmt":"2022-01-15T22:00:47","guid":{"rendered":"https:\/\/capferrat-villas.com\/explorer\/"},"modified":"2023-10-30T11:08:31","modified_gmt":"2023-10-30T11:08:31","slug":"explorer","status":"publish","type":"page","link":"https:\/\/capferrat-villas.com\/fr\/explorer\/","title":{"rendered":"Explorer"},"content":{"rendered":"\t\t<div data-elementor-type=\"wp-page\" data-elementor-id=\"4279\" class=\"elementor elementor-4279 elementor-314\" data-elementor-post-type=\"page\">\n\t\t\t\t\t\t<section class=\"elementor-section elementor-top-section elementor-element elementor-element-7775676 elementor-section-height-min-height elementor-section-boxed elementor-section-height-default elementor-section-items-middle\" data-id=\"7775676\" data-element_type=\"section\" data-e-type=\"section\" data-settings=\"{&quot;background_background&quot;:&quot;classic&quot;}\">\n\t\t\t\t\t\t<div class=\"elementor-container elementor-column-gap-default\">\n\t\t\t\t\t<div class=\"elementor-column elementor-col-100 elementor-top-column elementor-element elementor-element-9cb90af\" data-id=\"9cb90af\" data-element_type=\"column\" data-e-type=\"column\">\n\t\t\t<div class=\"elementor-widget-wrap elementor-element-populated\">\n\t\t\t\t\t\t<div class=\"elementor-element elementor-element-bc06590 elementor-widget elementor-widget-heading\" data-id=\"bc06590\" data-element_type=\"widget\" data-e-type=\"widget\" data-widget_type=\"heading.default\">\n\t\t\t\t<div class=\"elementor-widget-container\">\n\t\t\t\t\t<h1 class=\"elementor-heading-title elementor-size-default\">EXPLOREZ<\/h1>\t\t\t\t<\/div>\n\t\t\t\t<\/div>\n\t\t\t\t\t<\/div>\n\t\t<\/div>\n\t\t\t\t\t<\/div>\n\t\t<\/section>\n\t\t\t\t<section class=\"elementor-section elementor-top-section elementor-element elementor-element-9da68ef elementor-section-boxed elementor-section-height-default elementor-section-height-default\" data-id=\"9da68ef\" data-element_type=\"section\" data-e-type=\"section\">\n\t\t\t\t\t\t<div class=\"elementor-container elementor-column-gap-default\">\n\t\t\t\t\t<div class=\"elementor-column elementor-col-100 elementor-top-column elementor-element elementor-element-6726422\" data-id=\"6726422\" data-element_type=\"column\" data-e-type=\"column\">\n\t\t\t<div class=\"elementor-widget-wrap elementor-element-populated\">\n\t\t\t\t\t\t<div class=\"elementor-element elementor-element-61f4c80 elementor-widget elementor-widget-heading\" data-id=\"61f4c80\" data-element_type=\"widget\" data-e-type=\"widget\" data-widget_type=\"heading.default\">\n\t\t\t\t<div class=\"elementor-widget-container\">\n\t\t\t\t\t<h2 class=\"elementor-heading-title elementor-size-default\">EXPLORER LA RIVIERA FRAN\u00c7AISE<\/h2>\t\t\t\t<\/div>\n\t\t\t\t<\/div>\n\t\t\t\t<div class=\"elementor-element elementor-element-f341bd7 elementor-widget elementor-widget-text-editor\" data-id=\"f341bd7\" data-element_type=\"widget\" data-e-type=\"widget\" data-widget_type=\"text-editor.default\">\n\t\t\t\t<div class=\"elementor-widget-container\">\n\t\t\t\t\t\t\t\t\t<p>Le Cap Ferrat est l&rsquo;une des plus belles villes du sud de la France, avec une vue imprenable sur la baie. D\u00e9couvrez l&rsquo;une des plus belles villes de la C\u00f4te d&rsquo;Azur, avec ses clubs de plage, sa baie magnifique et son littoral exceptionnel.<\/p>\n\t\t\t\t\t\t\t\t<\/div>\n\t\t\t\t<\/div>\n\t\t\t\t\t<\/div>\n\t\t<\/div>\n\t\t\t\t\t<\/div>\n\t\t<\/section>\n\t\t\t\t<section class=\"elementor-section elementor-top-section elementor-element elementor-element-7736835 elementor-section-boxed elementor-section-height-default elementor-section-height-default\" data-id=\"7736835\" data-element_type=\"section\" data-e-type=\"section\">\n\t\t\t\t\t\t<div class=\"elementor-container elementor-column-gap-default\">\n\t\t\t\t\t<div class=\"elementor-column elementor-col-50 elementor-top-column elementor-element elementor-element-ffd6efd\" data-id=\"ffd6efd\" data-element_type=\"column\" data-e-type=\"column\">\n\t\t\t<div class=\"elementor-widget-wrap elementor-element-populated\">\n\t\t\t\t\t\t<div class=\"elementor-element elementor-element-e9aee71 elementor-widget elementor-widget-heading\" data-id=\"e9aee71\" data-element_type=\"widget\" data-e-type=\"widget\" data-widget_type=\"heading.default\">\n\t\t\t\t<div class=\"elementor-widget-container\">\n\t\t\t\t\t<h3 class=\"elementor-heading-title elementor-size-default\">Village m\u00e9di\u00e9val d'Eze<\/h3>\t\t\t\t<\/div>\n\t\t\t\t<\/div>\n\t\t\t\t<div class=\"elementor-element elementor-element-6840229 elementor-widget elementor-widget-text-editor\" data-id=\"6840229\" data-element_type=\"widget\" data-e-type=\"widget\" data-widget_type=\"text-editor.default\">\n\t\t\t\t<div class=\"elementor-widget-container\">\n\t\t\t\t\t\t\t\t\t<p>Eze est l&rsquo;une des plus belles villes du sud de la France, avec une vue imprenable sur la baie de St Jean Cap Ferrat. D\u00e9couvrez l&rsquo;une des plus belles villes de la C\u00f4te d&rsquo;Azur, avec ses clubs de plage, sa baie magnifique et son littoral exceptionnel.<\/p>\n\t\t\t\t\t\t\t\t<\/div>\n\t\t\t\t<\/div>\n\t\t\t\t\t<\/div>\n\t\t<\/div>\n\t\t\t\t<div class=\"elementor-column elementor-col-50 elementor-top-column elementor-element elementor-element-e437ead\" data-id=\"e437ead\" data-element_type=\"column\" data-e-type=\"column\">\n\t\t\t<div class=\"elementor-widget-wrap elementor-element-populated\">\n\t\t\t\t\t\t<div class=\"elementor-element elementor-element-5a51e0f elementor-widget elementor-widget-image\" data-id=\"5a51e0f\" data-element_type=\"widget\" data-e-type=\"widget\" data-widget_type=\"image.default\">\n\t\t\t\t<div class=\"elementor-widget-container\">\n\t\t\t\t\t\t\t\t\t\t\t\t\t\t\t<img fetchpriority=\"high\" decoding=\"async\" width=\"580\" height=\"386\" src=\"https:\/\/capferrat-villas.com\/wp-content\/uploads\/2022\/09\/Cap-Ferrat-Villas-9-1024x682.jpg\" class=\"attachment-large size-large wp-image-3329\" alt=\"\" srcset=\"https:\/\/capferrat-villas.com\/wp-content\/uploads\/2022\/09\/Cap-Ferrat-Villas-9-1024x682.jpg 1024w, https:\/\/capferrat-villas.com\/wp-content\/uploads\/2022\/09\/Cap-Ferrat-Villas-9-300x200.jpg 300w, https:\/\/capferrat-villas.com\/wp-content\/uploads\/2022\/09\/Cap-Ferrat-Villas-9-768x512.jpg 768w, https:\/\/capferrat-villas.com\/wp-content\/uploads\/2022\/09\/Cap-Ferrat-Villas-9-1536x1024.jpg 1536w, https:\/\/capferrat-villas.com\/wp-content\/uploads\/2022\/09\/Cap-Ferrat-Villas-9-1568x1045.jpg 1568w, https:\/\/capferrat-villas.com\/wp-content\/uploads\/2022\/09\/Cap-Ferrat-Villas-9.jpg 2000w\" sizes=\"(max-width: 580px) 100vw, 580px\" \/>\t\t\t\t\t\t\t\t\t\t\t\t\t\t\t<\/div>\n\t\t\t\t<\/div>\n\t\t\t\t\t<\/div>\n\t\t<\/div>\n\t\t\t\t\t<\/div>\n\t\t<\/section>\n\t\t\t\t<section class=\"elementor-section elementor-top-section elementor-element elementor-element-322c949 elementor-reverse-mobile elementor-section-boxed elementor-section-height-default elementor-section-height-default\" data-id=\"322c949\" data-element_type=\"section\" data-e-type=\"section\">\n\t\t\t\t\t\t<div class=\"elementor-container elementor-column-gap-default\">\n\t\t\t\t\t<div class=\"elementor-column elementor-col-50 elementor-top-column elementor-element elementor-element-13dbcbf\" data-id=\"13dbcbf\" data-element_type=\"column\" data-e-type=\"column\">\n\t\t\t<div class=\"elementor-widget-wrap elementor-element-populated\">\n\t\t\t\t\t\t<div class=\"elementor-element elementor-element-2633ce0 elementor-widget elementor-widget-image\" data-id=\"2633ce0\" data-element_type=\"widget\" data-e-type=\"widget\" data-widget_type=\"image.default\">\n\t\t\t\t<div class=\"elementor-widget-container\">\n\t\t\t\t\t\t\t\t\t\t\t\t\t\t\t<img decoding=\"async\" width=\"580\" height=\"386\" src=\"https:\/\/capferrat-villas.com\/wp-content\/uploads\/2022\/09\/Villefranche-1024x682.jpg\" class=\"attachment-large size-large wp-image-3353\" alt=\"\" srcset=\"https:\/\/capferrat-villas.com\/wp-content\/uploads\/2022\/09\/Villefranche-1024x682.jpg 1024w, https:\/\/capferrat-villas.com\/wp-content\/uploads\/2022\/09\/Villefranche-300x200.jpg 300w, https:\/\/capferrat-villas.com\/wp-content\/uploads\/2022\/09\/Villefranche-768x512.jpg 768w, https:\/\/capferrat-villas.com\/wp-content\/uploads\/2022\/09\/Villefranche-1536x1024.jpg 1536w, https:\/\/capferrat-villas.com\/wp-content\/uploads\/2022\/09\/Villefranche-1568x1045.jpg 1568w, https:\/\/capferrat-villas.com\/wp-content\/uploads\/2022\/09\/Villefranche.jpg 2000w\" sizes=\"(max-width: 580px) 100vw, 580px\" \/>\t\t\t\t\t\t\t\t\t\t\t\t\t\t\t<\/div>\n\t\t\t\t<\/div>\n\t\t\t\t\t<\/div>\n\t\t<\/div>\n\t\t\t\t<div class=\"elementor-column elementor-col-50 elementor-top-column elementor-element elementor-element-bd65611\" data-id=\"bd65611\" data-element_type=\"column\" data-e-type=\"column\">\n\t\t\t<div class=\"elementor-widget-wrap elementor-element-populated\">\n\t\t\t\t\t\t<div class=\"elementor-element elementor-element-5119179 elementor-widget elementor-widget-heading\" data-id=\"5119179\" data-element_type=\"widget\" data-e-type=\"widget\" data-widget_type=\"heading.default\">\n\t\t\t\t<div class=\"elementor-widget-container\">\n\t\t\t\t\t<h3 class=\"elementor-heading-title elementor-size-default\">Villefranche<\/h3>\t\t\t\t<\/div>\n\t\t\t\t<\/div>\n\t\t\t\t<div class=\"elementor-element elementor-element-b2eb42b elementor-widget elementor-widget-text-editor\" data-id=\"b2eb42b\" data-element_type=\"widget\" data-e-type=\"widget\" data-widget_type=\"text-editor.default\">\n\t\t\t\t<div class=\"elementor-widget-container\">\n\t\t\t\t\t\t\t\t\t<p>La baie de Villefranche, consid\u00e9r\u00e9e comme l&rsquo;une des cinq plus belles baies du monde, est d\u00e9limit\u00e9e \u00e0 droite par le Cap de Nice et \u00e0 gauche par le Cap Ferrat. La charmante vieille ville de Villefranche-sur-Mer descend en cascade le long de la colline jusqu&rsquo;\u00e0 la mer, et la plage de sable longue d&rsquo;un kilom\u00e8tre est ouverte toute l&rsquo;ann\u00e9e.<\/p>\n\t\t\t\t\t\t\t\t<\/div>\n\t\t\t\t<\/div>\n\t\t\t\t\t<\/div>\n\t\t<\/div>\n\t\t\t\t\t<\/div>\n\t\t<\/section>\n\t\t\t\t<section class=\"elementor-section elementor-top-section elementor-element elementor-element-e444ddd elementor-section-boxed elementor-section-height-default elementor-section-height-default\" data-id=\"e444ddd\" data-element_type=\"section\" data-e-type=\"section\">\n\t\t\t\t\t\t<div class=\"elementor-container elementor-column-gap-default\">\n\t\t\t\t\t<div class=\"elementor-column elementor-col-50 elementor-top-column elementor-element elementor-element-926f261\" data-id=\"926f261\" data-element_type=\"column\" data-e-type=\"column\">\n\t\t\t<div class=\"elementor-widget-wrap elementor-element-populated\">\n\t\t\t\t\t\t<div class=\"elementor-element elementor-element-91cfb7c elementor-widget elementor-widget-heading\" data-id=\"91cfb7c\" data-element_type=\"widget\" data-e-type=\"widget\" data-widget_type=\"heading.default\">\n\t\t\t\t<div class=\"elementor-widget-container\">\n\t\t\t\t\t<h3 class=\"elementor-heading-title elementor-size-default\">Monaco<\/h3>\t\t\t\t<\/div>\n\t\t\t\t<\/div>\n\t\t\t\t<div class=\"elementor-element elementor-element-716f76e elementor-widget elementor-widget-text-editor\" data-id=\"716f76e\" data-element_type=\"widget\" data-e-type=\"widget\" data-widget_type=\"text-editor.default\">\n\t\t\t\t<div class=\"elementor-widget-container\">\n\t\t\t\t\t\t\t\t\t<p>Un v\u00e9ritable paradis pour les riches et les c\u00e9l\u00e9brit\u00e9s Monaco n&rsquo;est pas la ville la plus importante pour l&rsquo;UHNWI pour une raison bien pr\u00e9cise. La ville compte le plus grand nombre de restaurants \u00e9toil\u00e9s par habitant, d&rsquo;incroyables clubs de plage, les h\u00f4tels les plus luxueux du monde ainsi qu&rsquo;une sc\u00e8ne culturelle vari\u00e9e. Il ne manque rien \u00e0 Monaco !<\/p>\n\t\t\t\t\t\t\t\t<\/div>\n\t\t\t\t<\/div>\n\t\t\t\t\t<\/div>\n\t\t<\/div>\n\t\t\t\t<div class=\"elementor-column elementor-col-50 elementor-top-column elementor-element elementor-element-084757d\" data-id=\"084757d\" data-element_type=\"column\" data-e-type=\"column\">\n\t\t\t<div class=\"elementor-widget-wrap elementor-element-populated\">\n\t\t\t\t\t\t<div class=\"elementor-element elementor-element-a6581fb elementor-widget elementor-widget-image\" data-id=\"a6581fb\" data-element_type=\"widget\" data-e-type=\"widget\" data-widget_type=\"image.default\">\n\t\t\t\t<div class=\"elementor-widget-container\">\n\t\t\t\t\t\t\t\t\t\t\t\t\t\t\t<img decoding=\"async\" width=\"580\" height=\"386\" src=\"https:\/\/capferrat-villas.com\/wp-content\/uploads\/2022\/09\/Monaco-1024x682.jpg\" class=\"attachment-large size-large wp-image-3356\" alt=\"\" srcset=\"https:\/\/capferrat-villas.com\/wp-content\/uploads\/2022\/09\/Monaco-1024x682.jpg 1024w, https:\/\/capferrat-villas.com\/wp-content\/uploads\/2022\/09\/Monaco-300x200.jpg 300w, https:\/\/capferrat-villas.com\/wp-content\/uploads\/2022\/09\/Monaco-768x512.jpg 768w, https:\/\/capferrat-villas.com\/wp-content\/uploads\/2022\/09\/Monaco-1536x1024.jpg 1536w, https:\/\/capferrat-villas.com\/wp-content\/uploads\/2022\/09\/Monaco-1568x1045.jpg 1568w, https:\/\/capferrat-villas.com\/wp-content\/uploads\/2022\/09\/Monaco.jpg 2000w\" sizes=\"(max-width: 580px) 100vw, 580px\" \/>\t\t\t\t\t\t\t\t\t\t\t\t\t\t\t<\/div>\n\t\t\t\t<\/div>\n\t\t\t\t\t<\/div>\n\t\t<\/div>\n\t\t\t\t\t<\/div>\n\t\t<\/section>\n\t\t\t\t<\/div>\n\t\t","protected":false},"excerpt":{"rendered":"<p>EXPLOREZ EXPLORER LA RIVIERA FRAN\u00c7AISE Le Cap Ferrat est l&rsquo;une des plus belles villes du sud de la France, avec une vue imprenable sur la baie. D\u00e9couvrez l&rsquo;une des plus belles villes de la C\u00f4te d&rsquo;Azur, avec ses clubs de plage, sa baie magnifique et son littoral exceptionnel. Village m\u00e9di\u00e9val d&rsquo;Eze Eze est l&rsquo;une des [&hellip;]<\/p>\n","protected":false},"author":2,"featured_media":3314,"parent":0,"menu_order":0,"comment_status":"closed","ping_status":"closed","template":"elementor_header_footer","meta":{"_acf_changed":false,"footnotes":""},"class_list":["post-4279","page","type-page","status-publish","has-post-thumbnail","hentry"],"acf":[],"yoast_head":"<!-- This site is optimized with the Yoast SEO plugin v25.6 - https:\/\/yoast.com\/wordpress\/plugins\/seo\/ -->\n<title>D\u00e9couvrez Eze et le sud de la France - The S Co..<\/title>\n<meta name=\"description\" content=\"D\u00e9couvrez le meilleur d&#039;Eze et appr\u00e9ciez le style de vie fran\u00e7ais en passant l&#039;\u00e9t\u00e9 dans votre location de villa \u00e0 Eze.\" \/>\n<meta name=\"robots\" content=\"index, follow, max-snippet:-1, max-image-preview:large, max-video-preview:-1\" \/>\n<link rel=\"canonical\" href=\"https:\/\/capferrat-villas.com\/fr\/explorer\/\" \/>\n<meta property=\"og:locale\" content=\"fr_FR\" \/>\n<meta property=\"og:type\" content=\"article\" \/>\n<meta property=\"og:title\" content=\"D\u00e9couvrez Eze et le sud de la France - The S Co..\" \/>\n<meta property=\"og:description\" content=\"D\u00e9couvrez le meilleur d&#039;Eze et appr\u00e9ciez le style de vie fran\u00e7ais en passant l&#039;\u00e9t\u00e9 dans votre location de villa \u00e0 Eze.\" \/>\n<meta property=\"og:url\" content=\"https:\/\/capferrat-villas.com\/fr\/explorer\/\" \/>\n<meta property=\"og:site_name\" content=\"The S Co.\" \/>\n<meta property=\"article:modified_time\" content=\"2023-10-30T11:08:31+00:00\" \/>\n<meta property=\"og:image\" content=\"https:\/\/capferrat-villas.com\/wp-content\/uploads\/2022\/09\/Cap-Ferrat-Villas-4.jpg\" \/>\n\t<meta property=\"og:image:width\" content=\"2000\" \/>\n\t<meta property=\"og:image:height\" content=\"1500\" \/>\n\t<meta property=\"og:image:type\" content=\"image\/jpeg\" \/>\n<meta name=\"twitter:card\" content=\"summary_large_image\" \/>\n<meta name=\"twitter:label1\" content=\"Dur\u00e9e de lecture estim\u00e9e\" \/>\n\t<meta name=\"twitter:data1\" content=\"1 minute\" \/>\n<script type=\"application\/ld+json\" class=\"yoast-schema-graph\">{\"@context\":\"https:\/\/schema.org\",\"@graph\":[{\"@type\":\"WebPage\",\"@id\":\"https:\/\/capferrat-villas.com\/fr\/explorer\/\",\"url\":\"https:\/\/capferrat-villas.com\/fr\/explorer\/\",\"name\":\"D\u00e9couvrez Eze et le sud de la France - The S Co..\",\"isPartOf\":{\"@id\":\"https:\/\/capferrat-villas.com\/fr\/#website\"},\"primaryImageOfPage\":{\"@id\":\"https:\/\/capferrat-villas.com\/fr\/explorer\/#primaryimage\"},\"image\":{\"@id\":\"https:\/\/capferrat-villas.com\/fr\/explorer\/#primaryimage\"},\"thumbnailUrl\":\"https:\/\/capferrat-villas.com\/wp-content\/uploads\/2022\/09\/Cap-Ferrat-Villas-4.jpg\",\"datePublished\":\"2022-01-15T22:00:47+00:00\",\"dateModified\":\"2023-10-30T11:08:31+00:00\",\"description\":\"D\u00e9couvrez le meilleur d'Eze et appr\u00e9ciez le style de vie fran\u00e7ais en passant l'\u00e9t\u00e9 dans votre location de villa \u00e0 Eze.\",\"breadcrumb\":{\"@id\":\"https:\/\/capferrat-villas.com\/fr\/explorer\/#breadcrumb\"},\"inLanguage\":\"fr-FR\",\"potentialAction\":[{\"@type\":\"ReadAction\",\"target\":[\"https:\/\/capferrat-villas.com\/fr\/explorer\/\"]}]},{\"@type\":\"ImageObject\",\"inLanguage\":\"fr-FR\",\"@id\":\"https:\/\/capferrat-villas.com\/fr\/explorer\/#primaryimage\",\"url\":\"https:\/\/capferrat-villas.com\/wp-content\/uploads\/2022\/09\/Cap-Ferrat-Villas-4.jpg\",\"contentUrl\":\"https:\/\/capferrat-villas.com\/wp-content\/uploads\/2022\/09\/Cap-Ferrat-Villas-4.jpg\",\"width\":2000,\"height\":1500},{\"@type\":\"BreadcrumbList\",\"@id\":\"https:\/\/capferrat-villas.com\/fr\/explorer\/#breadcrumb\",\"itemListElement\":[{\"@type\":\"ListItem\",\"position\":1,\"name\":\"Home\",\"item\":\"https:\/\/capferrat-villas.com\/fr\/page-daccueil\/\"},{\"@type\":\"ListItem\",\"position\":2,\"name\":\"Explorer\"}]},{\"@type\":\"WebSite\",\"@id\":\"https:\/\/capferrat-villas.com\/fr\/#website\",\"url\":\"https:\/\/capferrat-villas.com\/fr\/\",\"name\":\"CFV\",\"description\":\"Cap Ferrat Villas\",\"publisher\":{\"@id\":\"https:\/\/capferrat-villas.com\/fr\/#organization\"},\"potentialAction\":[{\"@type\":\"SearchAction\",\"target\":{\"@type\":\"EntryPoint\",\"urlTemplate\":\"https:\/\/capferrat-villas.com\/fr\/?s={search_term_string}\"},\"query-input\":{\"@type\":\"PropertyValueSpecification\",\"valueRequired\":true,\"valueName\":\"search_term_string\"}}],\"inLanguage\":\"fr-FR\"},{\"@type\":\"Organization\",\"@id\":\"https:\/\/capferrat-villas.com\/fr\/#organization\",\"name\":\"CFV\",\"url\":\"https:\/\/capferrat-villas.com\/fr\/\",\"logo\":{\"@type\":\"ImageObject\",\"inLanguage\":\"fr-FR\",\"@id\":\"https:\/\/capferrat-villas.com\/fr\/#\/schema\/logo\/image\/\",\"url\":\"\",\"contentUrl\":\"\",\"caption\":\"CFV\"},\"image\":{\"@id\":\"https:\/\/capferrat-villas.com\/fr\/#\/schema\/logo\/image\/\"}}]}<\/script>\n<!-- \/ Yoast SEO plugin. -->","yoast_head_json":{"title":"D\u00e9couvrez Eze et le sud de la France - The S Co..","description":"D\u00e9couvrez le meilleur d'Eze et appr\u00e9ciez le style de vie fran\u00e7ais en passant l'\u00e9t\u00e9 dans votre location de villa \u00e0 Eze.","robots":{"index":"index","follow":"follow","max-snippet":"max-snippet:-1","max-image-preview":"max-image-preview:large","max-video-preview":"max-video-preview:-1"},"canonical":"https:\/\/capferrat-villas.com\/fr\/explorer\/","og_locale":"fr_FR","og_type":"article","og_title":"D\u00e9couvrez Eze et le sud de la France - The S Co..","og_description":"D\u00e9couvrez le meilleur d'Eze et appr\u00e9ciez le style de vie fran\u00e7ais en passant l'\u00e9t\u00e9 dans votre location de villa \u00e0 Eze.","og_url":"https:\/\/capferrat-villas.com\/fr\/explorer\/","og_site_name":"The S Co.","article_modified_time":"2023-10-30T11:08:31+00:00","og_image":[{"width":2000,"height":1500,"url":"https:\/\/capferrat-villas.com\/wp-content\/uploads\/2022\/09\/Cap-Ferrat-Villas-4.jpg","type":"image\/jpeg"}],"twitter_card":"summary_large_image","twitter_misc":{"Dur\u00e9e de lecture estim\u00e9e":"1 minute"},"schema":{"@context":"https:\/\/schema.org","@graph":[{"@type":"WebPage","@id":"https:\/\/capferrat-villas.com\/fr\/explorer\/","url":"https:\/\/capferrat-villas.com\/fr\/explorer\/","name":"D\u00e9couvrez Eze et le sud de la France - The S Co..","isPartOf":{"@id":"https:\/\/capferrat-villas.com\/fr\/#website"},"primaryImageOfPage":{"@id":"https:\/\/capferrat-villas.com\/fr\/explorer\/#primaryimage"},"image":{"@id":"https:\/\/capferrat-villas.com\/fr\/explorer\/#primaryimage"},"thumbnailUrl":"https:\/\/capferrat-villas.com\/wp-content\/uploads\/2022\/09\/Cap-Ferrat-Villas-4.jpg","datePublished":"2022-01-15T22:00:47+00:00","dateModified":"2023-10-30T11:08:31+00:00","description":"D\u00e9couvrez le meilleur d'Eze et appr\u00e9ciez le style de vie fran\u00e7ais en passant l'\u00e9t\u00e9 dans votre location de villa \u00e0 Eze.","breadcrumb":{"@id":"https:\/\/capferrat-villas.com\/fr\/explorer\/#breadcrumb"},"inLanguage":"fr-FR","potentialAction":[{"@type":"ReadAction","target":["https:\/\/capferrat-villas.com\/fr\/explorer\/"]}]},{"@type":"ImageObject","inLanguage":"fr-FR","@id":"https:\/\/capferrat-villas.com\/fr\/explorer\/#primaryimage","url":"https:\/\/capferrat-villas.com\/wp-content\/uploads\/2022\/09\/Cap-Ferrat-Villas-4.jpg","contentUrl":"https:\/\/capferrat-villas.com\/wp-content\/uploads\/2022\/09\/Cap-Ferrat-Villas-4.jpg","width":2000,"height":1500},{"@type":"BreadcrumbList","@id":"https:\/\/capferrat-villas.com\/fr\/explorer\/#breadcrumb","itemListElement":[{"@type":"ListItem","position":1,"name":"Home","item":"https:\/\/capferrat-villas.com\/fr\/page-daccueil\/"},{"@type":"ListItem","position":2,"name":"Explorer"}]},{"@type":"WebSite","@id":"https:\/\/capferrat-villas.com\/fr\/#website","url":"https:\/\/capferrat-villas.com\/fr\/","name":"CFV","description":"Cap Ferrat Villas","publisher":{"@id":"https:\/\/capferrat-villas.com\/fr\/#organization"},"potentialAction":[{"@type":"SearchAction","target":{"@type":"EntryPoint","urlTemplate":"https:\/\/capferrat-villas.com\/fr\/?s={search_term_string}"},"query-input":{"@type":"PropertyValueSpecification","valueRequired":true,"valueName":"search_term_string"}}],"inLanguage":"fr-FR"},{"@type":"Organization","@id":"https:\/\/capferrat-villas.com\/fr\/#organization","name":"CFV","url":"https:\/\/capferrat-villas.com\/fr\/","logo":{"@type":"ImageObject","inLanguage":"fr-FR","@id":"https:\/\/capferrat-villas.com\/fr\/#\/schema\/logo\/image\/","url":"","contentUrl":"","caption":"CFV"},"image":{"@id":"https:\/\/capferrat-villas.com\/fr\/#\/schema\/logo\/image\/"}}]}},"distributor_meta":false,"distributor_terms":false,"distributor_media":false,"distributor_original_site_name":"The S Co. ","distributor_original_site_url":"https:\/\/capferrat-villas.com\/fr\/","push-errors":false,"_links":{"self":[{"href":"https:\/\/capferrat-villas.com\/fr\/wp-json\/wp\/v2\/pages\/4279"}],"collection":[{"href":"https:\/\/capferrat-villas.com\/fr\/wp-json\/wp\/v2\/pages"}],"about":[{"href":"https:\/\/capferrat-villas.com\/fr\/wp-json\/wp\/v2\/types\/page"}],"author":[{"embeddable":true,"href":"https:\/\/capferrat-villas.com\/fr\/wp-json\/wp\/v2\/users\/2"}],"replies":[{"embeddable":true,"href":"https:\/\/capferrat-villas.com\/fr\/wp-json\/wp\/v2\/comments?post=4279"}],"version-history":[{"count":1,"href":"https:\/\/capferrat-villas.com\/fr\/wp-json\/wp\/v2\/pages\/4279\/revisions"}],"predecessor-version":[{"id":4286,"href":"https:\/\/capferrat-villas.com\/fr\/wp-json\/wp\/v2\/pages\/4279\/revisions\/4286"}],"wp:featuredmedia":[{"embeddable":true,"href":"https:\/\/capferrat-villas.com\/fr\/wp-json\/wp\/v2\/media\/3314"}],"wp:attachment":[{"href":"https:\/\/capferrat-villas.com\/fr\/wp-json\/wp\/v2\/media?parent=4279"}],"curies":[{"name":"wp","href":"https:\/\/api.w.org\/{rel}","templated":true}]}}